{"id":16233,"date":"2025-08-20T17:04:20","date_gmt":"2025-08-20T16:04:20","guid":{"rendered":"https:\/\/edale.com\/?page_id=16233"},"modified":"2025-10-24T09:30:38","modified_gmt":"2025-10-24T08:30:38","slug":"edale-cartonline","status":"publish","type":"page","link":"https:\/\/edale.com\/pl\/edale-cartonline\/","title":{"rendered":"Edale CartonLine"},"content":{"rendered":"<div class=\"wpb-content-wrapper\"><div data-parent=\"true\" class=\"vc_row row-container\" id=\"row-unique-0\"><div class=\"row double-top-padding single-bottom-padding single-h-padding limit-width row-parent\"><div class=\"wpb_row row-inner\"><div class=\"wpb_column pos-top pos-center align_center column_parent col-lg-12 half-internal-gutter\"><div class=\"uncol style-light\"  ><div class=\"uncoltable\"><div class=\"uncell no-block-padding\" ><div class=\"uncont\" ><div class=\"vc_custom_heading_wrap\"><div class=\"heading-text el-text\" ><h1 class=\"fontsize-254603\" ><span>Edale CartonLine<\/span><\/h1><\/div><div class=\"clear\"><\/div><\/div><div class=\"vc_custom_heading_wrap\"><div class=\"heading-text el-text\" ><h2 class=\"h3 font-weight-600\" ><span>To wi\u0119cej ni\u017c prasa, to partnerstwo z kompleksowym globalnym wsparciem<\/span><\/h2><\/div><div class=\"clear\"><\/div><\/div><\/div><\/div><\/div><\/div><\/div><script id=\"script-row-unique-0\" data-row=\"script-row-unique-0\" type=\"text\/javascript\" class=\"vc_controls\">UNCODE.initRow(document.getElementById(\"row-unique-0\"));<\/script><\/div><\/div><\/div><div data-parent=\"true\" class=\"vc_row row-container\" id=\"row-unique-1\"><div class=\"row double-top-padding double-bottom-padding single-h-padding limit-width row-parent\"><div class=\"wpb_row row-inner\"><div class=\"wpb_column pos-top pos-center align_left column_parent col-lg-12 single-internal-gutter\"><div class=\"uncol style-light\"  ><div class=\"uncoltable\"><div class=\"uncell no-block-padding\" ><div class=\"uncont\" ><div class=\"uncode-single-media  text-left\"><div class=\"single-wrapper\" style=\"max-width: 100%;\"><div class=\"tmb tmb-light  tmb-media-first tmb-media-last tmb-content-overlay tmb-no-bg\"><div class=\"t-inside\"><div class=\"t-entry-visual\"><div class=\"t-entry-visual-tc\"><div class=\"uncode-single-media-wrapper\"><img decoding=\"async\" class=\"wp-image-16155\" src=\"https:\/\/edale.com\/wp-content\/uploads\/2025\/08\/Edale-CartonLine-FL6p-Render.webp\" width=\"2560\" height=\"422\" alt=\"\" srcset=\"https:\/\/edale.com\/wp-content\/uploads\/2025\/08\/Edale-CartonLine-FL6p-Render.webp 2560w, https:\/\/edale.com\/wp-content\/uploads\/2025\/08\/Edale-CartonLine-FL6p-Render-300x49.webp 300w, https:\/\/edale.com\/wp-content\/uploads\/2025\/08\/Edale-CartonLine-FL6p-Render-1024x169.webp 1024w, https:\/\/edale.com\/wp-content\/uploads\/2025\/08\/Edale-CartonLine-FL6p-Render-768x127.webp 768w, https:\/\/edale.com\/wp-content\/uploads\/2025\/08\/Edale-CartonLine-FL6p-Render-1536x253.webp 1536w, https:\/\/edale.com\/wp-content\/uploads\/2025\/08\/Edale-CartonLine-FL6p-Render-2048x338.webp 2048w, https:\/\/edale.com\/wp-content\/uploads\/2025\/08\/Edale-CartonLine-FL6p-Render-18x3.webp 18w, https:\/\/edale.com\/wp-content\/uploads\/2025\/08\/Edale-CartonLine-FL6p-Render-350x58.webp 350w\" sizes=\"(max-width: 2560px) 100vw, 2560px\"><\/div>\n\t\t\t\t\t<\/div>\n\t\t\t\t<\/div><\/div><\/div><\/div><\/div><div class=\"vc_row inverted-device-order row-internal row-container\"><div class=\"row col-no-gutter row-child\"><div class=\"wpb_row row-inner\"><div class=\"wpb_column pos-middle pos-center align_left column_child col-lg-7 col-md-100 half-internal-gutter\"><div class=\"uncol style-light\" ><div class=\"uncoltable\"><div class=\"uncell no-block-padding\" ><div class=\"uncont\" ><div class=\"vc_custom_heading_wrap\"><div class=\"heading-text el-text\" ><h2 class=\"fontsize-60\" ><span>Edale CartonLine FL6p<\/span><\/h2><\/div><div class=\"clear\"><\/div><\/div><div class=\"empty-space empty-half desktop-hidden\" ><span class=\"empty-space-inner\"><\/span><\/div>\n<\/div><\/div><\/div><\/div><\/div><div class=\"wpb_column pos-middle pos-left align_left column_child col-lg-5 col-md-100 col-md-clear col-sm-25 single-internal-gutter\"><div class=\"uncol style-light\" ><div class=\"uncoltable\"><div class=\"uncell no-block-padding\" ><div class=\"uncont\" style=\" max-width:25%;\" ><div class=\"uncode-single-media  text-left\"><div class=\"single-wrapper\" style=\"max-width: 200px;\"><div class=\"tmb tmb-light  tmb-media-first tmb-media-last tmb-content-overlay tmb-no-bg\"><div class=\"t-inside\"><div class=\"t-entry-visual\"><div class=\"t-entry-visual-tc\"><div class=\"uncode-single-media-wrapper\"><div class=\"fluid-svg\"><span id=\"icon-133474\" style=\"width:100%\" class=\"icon-media\"><img decoding=\"async\" src=\"https:\/\/edale.com\/wp-content\/uploads\/2025\/10\/Precision-Green-Tag.svg\" alt=\"\"><\/span><\/div><\/div>\n\t\t\t\t\t<\/div>\n\t\t\t\t<\/div><\/div><\/div><\/div><\/div><div class=\"empty-space empty-half desktop-hidden tablet-hidden\" ><span class=\"empty-space-inner\"><\/span><\/div>\n<\/div><\/div><\/div><\/div><\/div><\/div><\/div><\/div><div class=\"vc_custom_heading_wrap\"><div class=\"heading-text el-text\" ><h2 class=\"h4 font-weight-700\" ><span>Stworzony do dzia\u0142ania<\/span><\/h2><\/div><div class=\"clear\"><\/div><\/div><div class=\"uncode-wrapper uncode-list\" >\n<ul class=\"icons text-lead\">\n<li><i class=\"fa fa-check-square-o text-color-178831-color\"><\/i>600mm &#8211; 650mm web width<\/li>\n<li><i class=\"fa fa-check-square-o text-color-178831-color\"><\/i>Energooszcz\u0119dna praca z mniejsz\u0105 ilo\u015bci\u0105 odpad\u00f3w<\/li>\n<li><i class=\"fa fa-check-square-o text-color-178831-color\"><\/i>Jako\u015b\u0107 druku HD z ostr\u0105 rozdzielczo\u015bci\u0105 i \u017cywymi kolorami<\/li>\n<li><i class=\"fa fa-check-square-o text-color-178831-color\"><\/i>Upi\u0119kszanie bez kompromis\u00f3w<\/li>\n<\/ul>\n<\/div><span class=\"btn-container\" ><a role=\"button\"  href=\"https:\/\/edale.com\/pl\/edale-cartonline-fl6p\/\" class=\"custom-link btn border-width-0 btn-color-929228 btn-icon-right\">PRZEGL\u0104D PRASY<i class=\"fa fa-long-arrow-right\"><\/i><\/a><\/span><\/div><\/div><\/div><\/div><\/div><script id=\"script-row-unique-1\" data-row=\"script-row-unique-1\" type=\"text\/javascript\" class=\"vc_controls\">UNCODE.initRow(document.getElementById(\"row-unique-1\"));<\/script><\/div><\/div><\/div><div data-parent=\"true\" class=\"vc_row row-container desktop-hidden tablet-hidden mobile-hidden\" id=\"row-unique-2\"><div class=\"row double-top-padding double-bottom-padding single-h-padding limit-width row-parent\"><div class=\"wpb_row row-inner\"><div class=\"wpb_column pos-top pos-center align_left column_parent col-lg-6 single-internal-gutter\"><div class=\"uncol style-light\"  ><div class=\"uncoltable\"><div class=\"uncell no-block-padding\" ><div class=\"uncont\" ><div class=\"uncode-single-media  text-left\"><div class=\"single-wrapper\" style=\"max-width: 100%;\"><div class=\"tmb tmb-light  tmb-media-first tmb-media-last tmb-content-overlay tmb-no-bg\"><div class=\"t-inside\"><div class=\"t-entry-visual\"><div class=\"t-entry-visual-tc\"><div class=\"uncode-single-media-wrapper\"><img decoding=\"async\" class=\"wp-image-16238\" src=\"https:\/\/edale.com\/wp-content\/uploads\/2025\/08\/Edale-CartonLine-FL6p_small_scaled_left-aligned.webp\" width=\"1200\" height=\"258\" alt=\"Edale CartonLine FL6p\" srcset=\"https:\/\/edale.com\/wp-content\/uploads\/2025\/08\/Edale-CartonLine-FL6p_small_scaled_left-aligned.webp 1200w, https:\/\/edale.com\/wp-content\/uploads\/2025\/08\/Edale-CartonLine-FL6p_small_scaled_left-aligned-300x65.webp 300w, https:\/\/edale.com\/wp-content\/uploads\/2025\/08\/Edale-CartonLine-FL6p_small_scaled_left-aligned-1024x220.webp 1024w, https:\/\/edale.com\/wp-content\/uploads\/2025\/08\/Edale-CartonLine-FL6p_small_scaled_left-aligned-768x165.webp 768w, https:\/\/edale.com\/wp-content\/uploads\/2025\/08\/Edale-CartonLine-FL6p_small_scaled_left-aligned-18x4.webp 18w, https:\/\/edale.com\/wp-content\/uploads\/2025\/08\/Edale-CartonLine-FL6p_small_scaled_left-aligned-350x75.webp 350w\" sizes=\"(max-width: 1200px) 100vw, 1200px\" \/><\/div>\n\t\t\t\t\t<\/div>\n\t\t\t\t<\/div><\/div><\/div><\/div><\/div><div class=\"vc_row inverted-device-order row-internal row-container\"><div class=\"row col-half-gutter row-child\"><div class=\"wpb_row row-inner\"><div class=\"wpb_column pos-middle pos-center align_left column_child col-lg-7 col-md-100 half-internal-gutter\"><div class=\"uncol style-light\" ><div class=\"uncoltable\"><div class=\"uncell no-block-padding\" ><div class=\"uncont\" ><div class=\"vc_custom_heading_wrap\"><div class=\"heading-text el-text\" ><h2 class=\"h3\" ><span>Edale CartonLine FL6p<\/span><\/h2><\/div><div class=\"clear\"><\/div><\/div><div class=\"empty-space empty-half desktop-hidden mobile-hidden\" ><span class=\"empty-space-inner\"><\/span><\/div>\n<\/div><\/div><\/div><\/div><\/div><div class=\"wpb_column pos-middle pos-center align_left column_child col-lg-5 col-md-100 col-md-clear single-internal-gutter\"><div class=\"uncol style-light\" ><div class=\"uncoltable\"><div class=\"uncell no-block-padding\" ><div class=\"uncont\" ><div class=\"uncode-single-media  text-left\"><div class=\"single-wrapper\" style=\"max-width: 153px;\"><div class=\"tmb tmb-light  tmb-media-first tmb-media-last tmb-content-overlay tmb-no-bg\"><div class=\"t-inside\"><div class=\"t-entry-visual\"><div class=\"t-entry-visual-tc\"><div class=\"uncode-single-media-wrapper\"><div class=\"fluid-svg\"><span id=\"icon-456551\" style=\"width:100%\" class=\"icon-media\"><img decoding=\"async\" src=\"https:\/\/edale.com\/wp-content\/uploads\/2025\/08\/Precision-Press-Label.svg\" alt=\"\"><\/span><\/div><\/div>\n\t\t\t\t\t<\/div>\n\t\t\t\t<\/div><\/div><\/div><\/div><\/div><div class=\"empty-space empty-half desktop-hidden tablet-hidden\" ><span class=\"empty-space-inner\"><\/span><\/div>\n<\/div><\/div><\/div><\/div><\/div><\/div><\/div><\/div><div class=\"vc_custom_heading_wrap\"><div class=\"heading-text el-text\" ><h2 class=\"h5 font-weight-700\" ><span>Stworzony do dzia\u0142ania<\/span><\/h2><\/div><div class=\"clear\"><\/div><\/div><div class=\"uncode-wrapper uncode-list\" >\n<ul class=\"icons\">\n<li><i class=\"fa fa-check-square-o text-color-178831-color\"><\/i>600mm &#8211; 650mm web width<\/li>\n<li><i class=\"fa fa-check-square-o text-color-178831-color\"><\/i>Energooszcz\u0119dna praca z mniejsz\u0105 ilo\u015bci\u0105 odpad\u00f3w<\/li>\n<li><i class=\"fa fa-check-square-o text-color-178831-color\"><\/i>Jako\u015b\u0107 druku HD z ostr\u0105 rozdzielczo\u015bci\u0105 i \u017cywymi kolorami<\/li>\n<li><i class=\"fa fa-check-square-o text-color-178831-color\"><\/i>Upi\u0119kszanie bez kompromis\u00f3w<\/li>\n<\/ul>\n<\/div><span class=\"btn-container\" ><a role=\"button\"  href=\"https:\/\/edale.com\/pl\/edale-cartonline-fl6p\/\" class=\"custom-link btn border-width-0 btn-color-929228 btn-icon-right\">PRZEGL\u0104D PRASY<i class=\"fa fa-long-arrow-right\"><\/i><\/a><\/span><\/div><\/div><\/div><\/div><\/div><div class=\"wpb_column pos-top pos-center align_left column_parent col-lg-6 single-internal-gutter\"><div class=\"uncol style-light\"  ><div class=\"uncoltable\"><div class=\"uncell no-block-padding\" ><div class=\"uncont\" ><div class=\"uncode-single-media  text-left\"><div class=\"single-wrapper\" style=\"max-width: 100%;\"><div class=\"tmb tmb-light  tmb-media-first tmb-media-last tmb-content-overlay tmb-no-bg\"><div class=\"t-inside\"><div class=\"t-entry-visual\"><div class=\"t-entry-visual-tc\"><div class=\"uncode-single-media-wrapper\"><img decoding=\"async\" class=\"wp-image-16237\" src=\"https:\/\/edale.com\/wp-content\/uploads\/2025\/08\/Edale-CartonLine-FL7p_small_scaled.webp\" width=\"1200\" height=\"258\" alt=\"Edale CartonLine FL7p\" srcset=\"https:\/\/edale.com\/wp-content\/uploads\/2025\/08\/Edale-CartonLine-FL7p_small_scaled.webp 1200w, https:\/\/edale.com\/wp-content\/uploads\/2025\/08\/Edale-CartonLine-FL7p_small_scaled-300x65.webp 300w, https:\/\/edale.com\/wp-content\/uploads\/2025\/08\/Edale-CartonLine-FL7p_small_scaled-1024x220.webp 1024w, https:\/\/edale.com\/wp-content\/uploads\/2025\/08\/Edale-CartonLine-FL7p_small_scaled-768x165.webp 768w, https:\/\/edale.com\/wp-content\/uploads\/2025\/08\/Edale-CartonLine-FL7p_small_scaled-18x4.webp 18w, https:\/\/edale.com\/wp-content\/uploads\/2025\/08\/Edale-CartonLine-FL7p_small_scaled-350x75.webp 350w\" sizes=\"(max-width: 1200px) 100vw, 1200px\" \/><\/div>\n\t\t\t\t\t<\/div>\n\t\t\t\t<\/div><\/div><\/div><\/div><\/div><div class=\"vc_row inverted-device-order row-internal row-container\"><div class=\"row col-half-gutter row-child\"><div class=\"wpb_row row-inner\"><div class=\"wpb_column pos-middle pos-center align_left column_child col-lg-7 col-md-100 half-internal-gutter\"><div class=\"uncol style-light\" ><div class=\"uncoltable\"><div class=\"uncell no-block-padding\" ><div class=\"uncont\" ><div class=\"vc_custom_heading_wrap\"><div class=\"heading-text el-text\" ><h2 class=\"h3\" ><span>Edale CartonLine FL7p<\/span><\/h2><\/div><div class=\"clear\"><\/div><\/div><div class=\"empty-space empty-half desktop-hidden mobile-hidden\" ><span class=\"empty-space-inner\"><\/span><\/div>\n<\/div><\/div><\/div><\/div><\/div><div class=\"wpb_column pos-middle pos-center align_left column_child col-lg-5 col-md-100 col-md-clear single-internal-gutter\"><div class=\"uncol style-light\" ><div class=\"uncoltable\"><div class=\"uncell no-block-padding\" ><div class=\"uncont\" ><div class=\"uncode-single-media  text-left\"><div class=\"single-wrapper\" style=\"max-width: 202px;\"><div class=\"tmb tmb-light  tmb-media-first tmb-media-last tmb-content-overlay tmb-no-bg\"><div class=\"t-inside\"><div class=\"t-entry-visual\"><div class=\"t-entry-visual-tc\"><div class=\"uncode-single-media-wrapper\"><div class=\"fluid-svg\"><span id=\"icon-735226\" style=\"width:100%\" class=\"icon-media\"><img decoding=\"async\" src=\"https:\/\/edale.com\/wp-content\/uploads\/2025\/08\/Precision-Production-Label.svg\" alt=\"\"><\/span><\/div><\/div>\n\t\t\t\t\t<\/div>\n\t\t\t\t<\/div><\/div><\/div><\/div><\/div><div class=\"empty-space empty-half desktop-hidden tablet-hidden\" ><span class=\"empty-space-inner\"><\/span><\/div>\n<\/div><\/div><\/div><\/div><\/div><\/div><\/div><\/div><div class=\"vc_custom_heading_wrap\"><div class=\"heading-text el-text\" ><h2 class=\"h5 font-weight-700\" ><span>Przysz\u0142y rozw\u00f3j<\/span><\/h2><\/div><div class=\"clear\"><\/div><\/div><div class=\"uncode-wrapper uncode-list\" >\n<ul class=\"icons\">\n<li><i class=\"fa fa-check-square-o text-color-178831-color\"><\/i>760mm &#8211; 1000mm web width<\/li>\n<li><i class=\"fa fa-check-square-o text-color-178831-color\"><\/i>Energooszcz\u0119dna produkcja w linii, od druku, przez zdobienie, po ci\u0119cie<\/li>\n<li><i class=\"fa fa-check-square-o text-color-178831-color\"><\/i>Skr\u00f3cenie czasu produkcji w toku, zapotrzebowania na si\u0142\u0119 robocz\u0105 i czasu konfiguracji<\/li>\n<li><i class=\"fa fa-check-square-o text-color-178831-color\"><\/i>Wysoka precyzja bez utraty jako\u015bci<\/li>\n<\/ul>\n<\/div><span class=\"btn-container\" ><a role=\"button\"  href=\"https:\/\/edale.com\/pl\/edale-cartonline-fl7p\/\" class=\"custom-link btn border-width-0 btn-color-929228 btn-icon-right\">PRZEGL\u0104D PRASY<i class=\"fa fa-long-arrow-right\"><\/i><\/a><\/span><\/div><\/div><\/div><\/div><\/div><script id=\"script-row-unique-2\" data-row=\"script-row-unique-2\" type=\"text\/javascript\" class=\"vc_controls\">UNCODE.initRow(document.getElementById(\"row-unique-2\"));<\/script><\/div><\/div><\/div><div data-parent=\"true\" class=\"vc_row has-bg need-focus style-color-929228-bg row-container\" id=\"row-unique-3\"><div class=\"row unequal col-double-gutter double-top-padding double-bottom-padding single-h-padding limit-width row-parent\" data-height-ratio=\"40\"><div class=\"wpb_row row-inner\"><div class=\"wpb_column pos-middle pos-center align_left column_parent col-lg-12 half-internal-gutter\"><div class=\"uncol style-spec style-dark\"  ><div class=\"uncoltable\"><div class=\"uncell no-block-padding\" ><div class=\"uncont\" ><div class=\"vc_custom_heading_wrap\"><div class=\"heading-text el-text\" ><h3 class=\"h1\" ><span>Poznaj r\u00f3\u017cnic\u0119, jak\u0105 mo\u017ce przynie\u015b\u0107 Edale<\/span><\/h3><\/div><div class=\"clear\"><\/div><\/div><div class=\"empty-space empty-half\" ><span class=\"empty-space-inner\"><\/span><\/div>\n<div class=\"vc_row row-internal row-container\"><div class=\"row row-child\"><div class=\"wpb_row row-inner\"><div class=\"wpb_column pos-top pos-left align_left column_child col-lg-12 single-internal-gutter\"><div class=\"uncol style-spec style-dark\" ><div class=\"uncoltable\"><div class=\"uncell no-block-padding\" ><div class=\"uncont\" style=\" max-width:75%;\" ><div class=\"vc_custom_heading_wrap\"><div class=\"heading-text el-text\" ><h3 class=\"h3 font-weight-400\" ><span><a href=\"mailto:info@edale.com?subject=Enquiry%20about%20Edale%20CartonLine\">Skontaktuj si\u0119 z nami<\/a> z zespo\u0142em Edale, aby om\u00f3wi\u0107, w jaki spos\u00f3b CartonLine mo\u017ce przekszta\u0142ci\u0107 Twoj\u0105 produkcj\u0119 i dlaczego teraz jest czas na zmian\u0119.<\/span><\/h3><\/div><div class=\"clear\"><\/div><\/div><\/div><\/div><\/div><\/div><\/div><\/div><\/div><\/div><div class=\"empty-space empty-half\" ><span class=\"empty-space-inner\"><\/span><\/div>\n<span class=\"btn-container\" ><a role=\"button\"  href=\"mailto:info@edale.com?subject=Enquiry%20about%20Edale%20CartonLine\" class=\"custom-link btn btn-lg border-width-0 btn-color-178831 btn-outline btn-icon-left\" title=\"Kontakt\" target=\"_blank\">Skontaktuj si\u0119 z nami<\/a><\/span><\/div><\/div><\/div><\/div><\/div><script id=\"script-row-unique-3\" data-row=\"script-row-unique-3\" type=\"text\/javascript\" class=\"vc_controls\">UNCODE.initRow(document.getElementById(\"row-unique-3\"));<\/script><\/div><\/div><\/div>\n<\/div>","protected":false},"excerpt":{"rendered":"Edale CartonLineMore than a press, it\u2019s a partnership with end-to-end global support Edale CartonLine FL6p Built to Perform 600mm - [...]","protected":false},"author":4,"featured_media":16188,"parent":0,"menu_order":0,"comment_status":"closed","ping_status":"closed","template":"","meta":{"footnotes":""},"class_list":["post-16233","page","type-page","status-publish","has-post-thumbnail","hentry"],"_links":{"self":[{"href":"https:\/\/edale.com\/pl\/wp-json\/wp\/v2\/pages\/16233","targetHints":{"allow":["GET"]}}],"collection":[{"href":"https:\/\/edale.com\/pl\/wp-json\/wp\/v2\/pages"}],"about":[{"href":"https:\/\/edale.com\/pl\/wp-json\/wp\/v2\/types\/page"}],"author":[{"embeddable":true,"href":"https:\/\/edale.com\/pl\/wp-json\/wp\/v2\/users\/4"}],"replies":[{"embeddable":true,"href":"https:\/\/edale.com\/pl\/wp-json\/wp\/v2\/comments?post=16233"}],"version-history":[{"count":3,"href":"https:\/\/edale.com\/pl\/wp-json\/wp\/v2\/pages\/16233\/revisions"}],"predecessor-version":[{"id":16440,"href":"https:\/\/edale.com\/pl\/wp-json\/wp\/v2\/pages\/16233\/revisions\/16440"}],"wp:featuredmedia":[{"embeddable":true,"href":"https:\/\/edale.com\/pl\/wp-json\/wp\/v2\/media\/16188"}],"wp:attachment":[{"href":"https:\/\/edale.com\/pl\/wp-json\/wp\/v2\/media?parent=16233"}],"curies":[{"name":"wp","href":"https:\/\/api.w.org\/{rel}","templated":true}]}}