{"id":14279,"date":"2024-02-26T09:40:23","date_gmt":"2024-02-26T09:40:23","guid":{"rendered":"https:\/\/edale.com\/?page_id=14279"},"modified":"2026-03-30T10:16:21","modified_gmt":"2026-03-30T09:16:21","slug":"wakaty","status":"publish","type":"page","link":"https:\/\/edale.com\/pl\/careers\/vacancies\/","title":{"rendered":"Wakaty"},"content":{"rendered":"<div class=\"wpb-content-wrapper\"><div data-parent=\"true\" class=\"vc_row has-bg need-focus style-color-374203-bg row-container\" id=\"row-unique-0\"><div class=\"row-background background-element\">\n\t\t\t\t\t\t\t\t\t\t\t<div class=\"background-wrapper\">\n\t\t\t\t\t\t\t\t\t\t\t\t<div class=\"background-inner\" style=\"background-image: url(https:\/\/edale.com\/wp-content\/uploads\/2024\/01\/Careers_BG_01.jpg);background-repeat: no-repeat;background-position: center top;background-attachment: fixed;background-size: cover;\"><\/div>\n\t\t\t\t\t\t\t\t\t\t\t\t<div class=\"block-bg-overlay block-bg-blend-mode for-ie style-color-374203-bg\" style=\"opacity: 0.35;\"><\/div><div class=\"block-bg-overlay block-bg-blend-mode not-ie style-color-374203-bg\" style=\"mix-blend-mode:multiply;\"><\/div>\n\t\t\t\t\t\t\t\t\t\t\t<\/div>\n\t\t\t\t\t\t\t\t\t\t<\/div><div class=\"row double-top-padding double-bottom-padding single-h-padding limit-width row-parent\" data-height-ratio=\"45\"><div class=\"wpb_row row-inner\"><div class=\"wpb_column pos-middle pos-center align_left column_parent col-lg-12 half-internal-gutter\"><div class=\"uncol style-spec style-dark\"  ><div class=\"uncoltable\"><div class=\"uncell no-block-padding\" ><div class=\"uncont\" ><div class=\"vc_custom_heading_wrap\"><div class=\"heading-text el-text\" ><h1 class=\"h5 text-uppercase\" ><span>KARIERA W EDALE<\/span><\/h1><\/div><div class=\"clear\"><\/div><\/div><div class=\"vc_custom_heading_wrap\"><div class=\"heading-text el-text\" ><h2 class=\"fontsize-254603 text-uppercase\" ><span>Aktualne oferty pracy<\/span><\/h2><\/div><div class=\"clear\"><\/div><\/div><div class=\"empty-space empty-single\" ><span class=\"empty-space-inner\"><\/span><\/div>\n<\/div><\/div><\/div><\/div><\/div><script id=\"script-row-unique-0\" data-row=\"script-row-unique-0\" type=\"text\/javascript\" class=\"vc_controls\">UNCODE.initRow(document.getElementById(\"row-unique-0\"));<\/script><\/div><\/div><\/div><div data-parent=\"true\" class=\"vc_row has-bg need-focus style-color-lxmt-bg row-next-to-blend row-container onepage-section\" data-label=\"vacancies\" data-name=\"vacancies\" id=\"row-unique-1\"><div class=\"row double-top-padding double-bottom-padding single-h-padding limit-width row-parent\"><div class=\"wpb_row row-inner\"><div class=\"wpb_column pos-top pos-center align_left column_parent col-lg-12 single-internal-gutter\"><div class=\"uncol style-light\"  ><div class=\"uncoltable\"><div class=\"uncell no-block-padding\" ><div class=\"uncont\" ><div class=\"vc_custom_heading_wrap\"><div class=\"heading-text el-text\" ><h3 class=\"h2 font-weight-700 text-uppercase\" ><span>Zacznij tutaj <span class=\"orange-color\">| Odkryj swoj\u0105 karier\u0119<\/span><\/span><\/h3><\/div><div class=\"clear\"><\/div><\/div><div class=\"uncode_text_column text-lead\" ><p>Obecnie nie mamy \u017cadnych wolnych miejsc pracy, jednak zach\u0119camy do zarejestrowania u nas swojego CV.<\/p>\n<\/div><\/div><\/div><\/div><\/div><\/div><script id=\"script-row-unique-1\" data-row=\"script-row-unique-1\" type=\"text\/javascript\" class=\"vc_controls\">UNCODE.initRow(document.getElementById(\"row-unique-1\"));<\/script><\/div><\/div><\/div><div data-parent=\"true\" class=\"vc_row has-bg need-focus style-color-lxmt-bg row-container onepage-section desktop-hidden tablet-hidden mobile-hidden\" data-label=\"vacancies\" data-name=\"vacancies\" id=\"row-unique-2\"><div class=\"row double-top-padding no-bottom-padding single-h-padding limit-width row-parent\"><div class=\"wpb_row row-inner\"><div class=\"wpb_column pos-top pos-center align_left column_parent col-lg-12 single-internal-gutter\"><div class=\"uncol style-light\"  ><div class=\"uncoltable\"><div class=\"uncell no-block-padding\" ><div class=\"uncont\" ><div class=\"vc_custom_heading_wrap\"><div class=\"heading-text el-text\" ><h3 class=\"h2 font-weight-700 text-uppercase\" ><span>Zacznij tutaj <span class=\"orange-color\">| Odkryj swoj\u0105 karier\u0119<\/span><\/span><\/h3><\/div><div class=\"clear\"><\/div><\/div><div class=\"uncode_text_column text-lead\" ><p>Poni\u017cej znajduje si\u0119 lista aktualnych ofert pracy.<\/p>\n<\/div><\/div><\/div><\/div><\/div><\/div><script id=\"script-row-unique-2\" data-row=\"script-row-unique-2\" type=\"text\/javascript\" class=\"vc_controls\">UNCODE.initRow(document.getElementById(\"row-unique-2\"));<\/script><\/div><\/div><\/div><div data-parent=\"true\" class=\"vc_row has-bg need-focus style-color-lxmt-bg row-container desktop-hidden tablet-hidden mobile-hidden\" id=\"row-unique-3\"><div class=\"row single-top-padding double-bottom-padding single-h-padding limit-width row-parent\"><div class=\"wpb_row row-inner\"><div class=\"wpb_column pos-top pos-center align_left column_parent col-lg-12 single-internal-gutter\"><div class=\"uncol style-light\"  ><div class=\"uncoltable\"><div class=\"uncell no-block-padding\" ><div class=\"uncont\" ><div id=\"index-1\" class=\"cssgrid-system cssgrid-general-light grid-general-light cssgrid-598082 cssgrid-animate-sequential\" >\n\t\t\t\t\t\t\t\t\t\t\t\t\t<div class=\"cssgrid-wrapper grid-wrapper cssgrid-single-gutter\" >\t\t\t\t\t\t\t\t\t\t\t\t<div class=\"\" >\t\t\t\t\t\t\t\n\t<div class=\"tmb tmb-iso-w12 tmb-iso-h1\"><p class=\"t-entry-title\">Nic nie znaleziono.<\/p><\/div>\n\t\t\t\t\t<\/div>\t\n\t\n\n\t<\/div>\t\t\t<div class=\"cssgrid-footer grid-footer style-light without-bg single-gutter\">\n\t\t\t\t\t<\/div>\n\t\t\t\t<\/div>\n<\/div><\/div><\/div><\/div><\/div><script id=\"script-row-unique-3\" data-row=\"script-row-unique-3\" type=\"text\/javascript\" class=\"vc_controls\">UNCODE.initRow(document.getElementById(\"row-unique-3\"));<\/script><\/div><\/div><\/div><div data-parent=\"true\" class=\"vc_row has-bg need-focus style-color-xsdn-bg row-container onepage-section\" data-label=\"register\" data-name=\"register\" id=\"row-unique-4\"><div class=\"row double-top-padding double-bottom-padding single-h-padding limit-width row-parent\"><div class=\"wpb_row row-inner\"><div class=\"wpb_column pos-top pos-center align_left column_parent col-lg-8 half-internal-gutter\"><div class=\"uncol style-light\"  ><div class=\"uncoltable\"><div class=\"uncell no-block-padding\" ><div class=\"uncont\" ><div class=\"vc_custom_heading_wrap\"><div class=\"heading-text el-text\" ><h3 class=\"h2 font-weight-700 text-uppercase\" ><span><span class=\"orange-color\">Zarejestruj si\u0119<\/span> Twoje CV<\/span><\/h3><\/div><div class=\"clear\"><\/div><\/div><div class=\"vc_custom_heading_wrap\"><div class=\"heading-text el-text\" ><h2 class=\"h3 font-weight-400\" ><span>Zawsze jeste\u015bmy podekscytowani, gdy s\u0142yszymy od dobrych ludzi, kt\u00f3rzy chc\u0105 do\u0142\u0105czy\u0107 do zespo\u0142u Edale.<\/span><\/h2><\/div><div class=\"clear\"><\/div><\/div><div class=\"uncode_text_column text-lead\" ><p>Dbamy o r\u00f3wne szanse dla wszystkich i zapewniamy ci\u0105g\u0142e szkolenia i rozw\u00f3j osobisty w ramach kultury mo\u017cliwo\u015bci i wsparcia.<\/p>\n<p>Je\u015bli uwa\u017casz, \u017ce jest to \u015brodowisko, w kt\u00f3rym mo\u017cesz si\u0119 rozwija\u0107, skontaktuj si\u0119 z nami.<\/p>\n<\/div><div class=\"empty-space empty-half\" ><span class=\"empty-space-inner\"><\/span><\/div>\n<span class=\"btn-container\" ><a role=\"button\"  href=\"#popmake-14378\" class=\"custom-link btn border-width-0 btn-color-374203 btn-icon-right\">Zarejestruj si\u0119 teraz<i class=\"fa fa-arrow-right2\"><\/i><\/a><\/span><\/div><\/div><\/div><\/div><\/div><div class=\"wpb_column pos-top pos-center align_left column_parent col-lg-4 single-internal-gutter\"><div class=\"uncol style-light\"  ><div class=\"uncoltable\"><div class=\"uncell no-block-padding\" ><div class=\"uncont\" ><\/div><\/div><\/div><\/div><\/div><script id=\"script-row-unique-4\" data-row=\"script-row-unique-4\" type=\"text\/javascript\" class=\"vc_controls\">UNCODE.initRow(document.getElementById(\"row-unique-4\"));<\/script><\/div><\/div><\/div><div data-parent=\"true\" class=\"vc_row has-bg need-focus style-color-lxmt-bg row-container onepage-section\" data-label=\"register\" data-name=\"register\" id=\"row-unique-5\"><div class=\"row double-top-padding double-bottom-padding single-h-padding limit-width row-parent\"><div class=\"wpb_row row-inner\"><div class=\"wpb_column pos-top pos-center align_left column_parent col-lg-12 single-internal-gutter\"><div class=\"uncol style-light\"  ><div class=\"uncoltable\"><div class=\"uncell no-block-padding\" ><div class=\"uncont\" ><div class=\"vc_custom_heading_wrap\"><div class=\"heading-text el-text\" ><h3 class=\"h2 font-weight-700 text-uppercase\" ><span>Czy kto\u015b <span class=\"orange-color\">pytania?<\/span><\/span><\/h3><div class=\"text-lead text-top-reduced\"><p>Oto kilka najcz\u0119\u015bciej zadawanych pyta\u0144 dotycz\u0105cych ofert pracy<\/p>\n<\/div><\/div><div class=\"clear\"><\/div><\/div><div class=\"uncode-accordion wpb_accordion wpb_content_element  sign-size-rg w-border\" data-collapsible=\"no\" data-target=\"\" data-active-tab=\"0\" >\n\t\t<div class=\"panel-group wpb_wrapper wpb_accordion_wrapper\" id=\"accordion_1884107651\" data-no-toggle=\"\">\n\n<div class=\"panel panel-default wpb_accordion_section group  no-block-padding\"><div class=\"panel-heading wpb_accordion_header ui-accordion-header\"><p class=\"panel-title font-weight- text-   icon-size-rg\"><a data-toggle=\"collapse\" data-parent=\"#accordion_1884107651\" href=\"#1677496017-1-901709550471495\"><span>Co nale\u017cy wzi\u0105\u0107 pod uwag\u0119 przed z\u0142o\u017ceniem wniosku online?<\/span><\/a><\/p><\/div><div id=\"1677496017-1-901709550471495\" class=\"panel-collapse collapse\"><div class=\"panel-body wpb_accordion_content ui-accordion-content half-internal-gutter single-block-padding\">\n\t\t\t\t\t\t<div class=\"uncode_text_column\" ><p>Upewnij si\u0119, \u017ce zawar\u0142e\u015b wszystkie informacje istotne dla Twojej aplikacji, przes\u0142a\u0142e\u015b swoje CV i zawar\u0142e\u015b wszystkie swoje dane kontaktowe.<\/p>\n<\/div><\/div><\/div><\/div><div class=\"panel panel-default wpb_accordion_section group  no-block-padding\"><div class=\"panel-heading wpb_accordion_header ui-accordion-header\"><p class=\"panel-title font-weight- text-   icon-size-rg\"><a data-toggle=\"collapse\" data-parent=\"#accordion_1884107651\" href=\"#1677496017-2-681709550471495\"><span>Czy zatrudniasz osoby ubiegaj\u0105ce si\u0119 o wiz\u0119?<\/span><\/a><\/p><\/div><div id=\"1677496017-2-681709550471495\" class=\"panel-collapse collapse\"><div class=\"panel-body wpb_accordion_content ui-accordion-content half-internal-gutter single-block-padding\">\n\t\t\t\t\t\t<div class=\"uncode_text_column\" ><p>Tak, na podstawie wizy Tier 1 lub Tier 2, kt\u00f3ra daje prawo do pracy w Wielkiej Brytanii. Niestety nie oferujemy sponsoringu.<\/p>\n<\/div><\/div><\/div><\/div><div class=\"panel panel-default wpb_accordion_section group  no-block-padding\"><div class=\"panel-heading wpb_accordion_header ui-accordion-header\"><p class=\"panel-title font-weight- text-   icon-size-rg\"><a data-toggle=\"collapse\" data-parent=\"#accordion_1884107651\" href=\"#1677496440476-2-41709550471495\"><span>Co powinienem zrobi\u0107, je\u015bli chc\u0119 pracowa\u0107 w Edale, ale nie mog\u0119 znale\u017a\u0107 odpowiedniego stanowiska na stronie z ofertami pracy?<\/span><\/a><\/p><\/div><div id=\"1677496440476-2-41709550471495\" class=\"panel-collapse collapse\"><div class=\"panel-body wpb_accordion_content ui-accordion-content half-internal-gutter single-block-padding\">\n\t\t\t\t\t\t<div class=\"uncode_text_column\" ><p>Ch\u0119tnie si\u0119 z Tob\u0105 skontaktujemy! Nawet je\u015bli nie mamy obecnie odpowiedniego wakatu na \u017cywo, mo\u017cemy mie\u0107 co\u015b w zanadrzu. Odwied\u017a nasz\u0105 stron\u0119 <a href=\"\/pl\/kariery\/wakaty\/#register\"><u>Zarejestruj swoje CV<\/u><\/a> i wype\u0142nij odpowiednie informacje, a kto\u015b si\u0119 z Tob\u0105 skontaktuje.<\/p>\n<\/div><\/div><\/div><\/div><div class=\"panel panel-default wpb_accordion_section group  no-block-padding\"><div class=\"panel-heading wpb_accordion_header ui-accordion-header\"><p class=\"panel-title font-weight- text-   icon-size-rg\"><a data-toggle=\"collapse\" data-parent=\"#accordion_1884107651\" href=\"#1677496451205-3-21709550471495\"><span>Jak powinienem przygotowa\u0107 si\u0119 do rozmowy kwalifikacyjnej?<\/span><\/a><\/p><\/div><div id=\"1677496451205-3-21709550471495\" class=\"panel-collapse collapse\"><div class=\"panel-body wpb_accordion_content ui-accordion-content half-internal-gutter single-block-padding\">\n\t\t\t\t\t\t<div class=\"uncode_text_column\" ><p>Zalecamy zapoznanie si\u0119 z nasz\u0105 stron\u0105 internetow\u0105, aby zrozumie\u0107, czym si\u0119 zajmujemy. Aby dowiedzie\u0107 si\u0119 wi\u0119cej o \u017cyciu w Edale, mo\u017cesz r\u00f3wnie\u017c znale\u017a\u0107 nas na stronie <a href=\"https:\/\/www.linkedin.com\/company\/edale-ltd\" target=\"_blank\" rel=\"noopener\">LinkedIn<\/a>, <a href=\"https:\/\/www.facebook.com\/edalelimited\/\" target=\"_blank\" rel=\"noopener\">Facebook<\/a> oraz <a href=\"https:\/\/www.glassdoor.com\/Overview\/Working-at-Edale-EI_IE6349802.11,16.htm\" target=\"_blank\" rel=\"noopener\">Glassdoor<\/a>. Nasz rekruter prze\u015ble Ci opis stanowiska, zalecamy zapoznanie si\u0119 z nim przed rozmow\u0105 kwalifikacyjn\u0105.<\/p>\n<p>Zawsze zaleca si\u0119 przyniesienie na rozmow\u0119 kwalifikacyjn\u0105 w\u0142asnych pyta\u0144, poniewa\u017c jest to doskona\u0142a okazja do sprawdzenia, czy Edale jest odpowiedni\u0105 firm\u0105 dla Ciebie.<\/p>\n<\/div><\/div><\/div><\/div><div class=\"panel panel-default wpb_accordion_section group  no-block-padding\"><div class=\"panel-heading wpb_accordion_header ui-accordion-header\"><p class=\"panel-title font-weight- text-   icon-size-rg\"><a data-toggle=\"collapse\" data-parent=\"#accordion_1884107651\" href=\"#1677496459724-4-21709550471495\"><span>Jakie nagrody i korzy\u015bci oferujesz?<\/span><\/a><\/p><\/div><div id=\"1677496459724-4-21709550471495\" class=\"panel-collapse collapse\"><div class=\"panel-body wpb_accordion_content ui-accordion-content half-internal-gutter single-block-padding\">\n\t\t\t\t\t\t<div class=\"uncode_text_column\" ><p>Mamy kilka wspania\u0142ych nagr\u00f3d i korzy\u015bci, takich jak program rabatowy dla pracownik\u00f3w Bright Exchange i program emerytalny pracodawcy 5.5%. Co najmniej 25 dni urlopu, a tak\u017ce dni wolne od pracy, ubezpieczenie na \u017cycie i wiele wi\u0119cej.<\/p>\n<\/div><\/div><\/div><\/div>\n\t\t<\/div><\/div><div class=\"vc_custom_heading_wrap\"><div class=\"heading-text el-text\" ><h2 class=\"h5 font-weight-400 text-color-jevc-color\" ><span>W przypadku pyta\u0144 og\u00f3lnych prosimy o kontakt&nbsp;<a href=\"mailto:gendavey@edale.com\" target=\"_blank\" rel=\"noopener\">gendavey@edale.com<\/a><\/span><\/h2><\/div><div class=\"clear\"><\/div><\/div><\/div><\/div><\/div><\/div><\/div><script id=\"script-row-unique-5\" data-row=\"script-row-unique-5\" type=\"text\/javascript\" class=\"vc_controls\">UNCODE.initRow(document.getElementById(\"row-unique-5\"));<\/script><\/div><\/div><\/div>\n<\/div>","protected":false},"excerpt":{"rendered":"CAREERS AT EDALECurrent Vacancies Start here | Discover your careerWe do not currently have any Job Vacancies available at the [...]","protected":false},"author":4,"featured_media":14034,"parent":13967,"menu_order":0,"comment_status":"closed","ping_status":"closed","template":"","meta":{"footnotes":""},"class_list":["post-14279","page","type-page","status-publish","has-post-thumbnail","hentry"],"_links":{"self":[{"href":"https:\/\/edale.com\/pl\/wp-json\/wp\/v2\/pages\/14279","targetHints":{"allow":["GET"]}}],"collection":[{"href":"https:\/\/edale.com\/pl\/wp-json\/wp\/v2\/pages"}],"about":[{"href":"https:\/\/edale.com\/pl\/wp-json\/wp\/v2\/types\/page"}],"author":[{"embeddable":true,"href":"https:\/\/edale.com\/pl\/wp-json\/wp\/v2\/users\/4"}],"replies":[{"embeddable":true,"href":"https:\/\/edale.com\/pl\/wp-json\/wp\/v2\/comments?post=14279"}],"version-history":[{"count":1,"href":"https:\/\/edale.com\/pl\/wp-json\/wp\/v2\/pages\/14279\/revisions"}],"predecessor-version":[{"id":16952,"href":"https:\/\/edale.com\/pl\/wp-json\/wp\/v2\/pages\/14279\/revisions\/16952"}],"up":[{"embeddable":true,"href":"https:\/\/edale.com\/pl\/wp-json\/wp\/v2\/pages\/13967"}],"wp:featuredmedia":[{"embeddable":true,"href":"https:\/\/edale.com\/pl\/wp-json\/wp\/v2\/media\/14034"}],"wp:attachment":[{"href":"https:\/\/edale.com\/pl\/wp-json\/wp\/v2\/media?parent=14279"}],"curies":[{"name":"wp","href":"https:\/\/api.w.org\/{rel}","templated":true}]}}