{"id":4621,"date":"2021-02-19T08:39:21","date_gmt":"2021-02-19T08:39:21","guid":{"rendered":"https:\/\/edale.com\/?page_id=4621"},"modified":"2021-06-22T08:03:28","modified_gmt":"2021-06-22T07:03:28","slug":"clause-de-non-responsabilite-concernant-les-droits-dauteur","status":"publish","type":"page","link":"https:\/\/edale.com\/fr\/copyright-disclaimer\/","title":{"rendered":"Droits d'auteur et clause de non-responsabilit\u00e9"},"content":{"rendered":"<div class=\"wpb-content-wrapper\"><div data-parent=\"true\" class=\"vc_row row-container\" id=\"row-unique-0\"><div class=\"row limit-width row-parent\"><div class=\"wpb_row row-inner\"><div class=\"wpb_column pos-top pos-center align_left column_parent col-lg-12 single-internal-gutter\"><div class=\"uncol style-light\"  ><div class=\"uncoltable\"><div class=\"uncell no-block-padding\" ><div class=\"uncont\" ><div class=\"uncode_text_column\" ><\/p>\n<h4>CLAUSE DE NON-RESPONSABILIT\u00c9<\/h4>\n<p>Responsabilit\u00e9 : Tous les visiteurs de ce site Web utilisent et visualisent toutes les fonctions \u00e0 leurs propres risques. Edale Limited n'accepte aucune responsabilit\u00e9 pour tout dommage cons\u00e9cutif caus\u00e9 \u00e0 l'utilisateur ou \u00e0 ses logiciels, donn\u00e9es ou biens suite \u00e0 la visite ou \u00e0 l'utilisation de notre site web.<\/p>\n<p>Edale Limited s'efforce de maintenir l'exactitude et la fiabilit\u00e9 des informations contenues dans ce site Web, qui sont fournies \u00e0 des fins de commodit\u00e9 dans le cadre du service que nous offrons. Elle n'accepte aucune responsabilit\u00e9 pour les probl\u00e8mes d\u00e9coulant de l'utilisation de ces informations ou de la confiance qui leur est accord\u00e9e.<\/p>\n<\/div><\/div><\/div><\/div><\/div><\/div><script id=\"script-row-unique-0\" data-row=\"script-row-unique-0\" type=\"text\/javascript\" class=\"vc_controls\">UNCODE.initRow(document.getElementById(\"row-unique-0\"));<\/script><\/div><\/div><\/div>\n<\/div>","protected":false},"excerpt":{"rendered":"DISCLAIMER Liability: All visitors to this website use and view all functions at their own risk. Edale Limited accepts no [...]","protected":false},"author":4,"featured_media":0,"parent":0,"menu_order":0,"comment_status":"closed","ping_status":"closed","template":"","meta":{"footnotes":""},"class_list":["post-4621","page","type-page","status-publish","hentry"],"_links":{"self":[{"href":"https:\/\/edale.com\/fr\/wp-json\/wp\/v2\/pages\/4621","targetHints":{"allow":["GET"]}}],"collection":[{"href":"https:\/\/edale.com\/fr\/wp-json\/wp\/v2\/pages"}],"about":[{"href":"https:\/\/edale.com\/fr\/wp-json\/wp\/v2\/types\/page"}],"author":[{"embeddable":true,"href":"https:\/\/edale.com\/fr\/wp-json\/wp\/v2\/users\/4"}],"replies":[{"embeddable":true,"href":"https:\/\/edale.com\/fr\/wp-json\/wp\/v2\/comments?post=4621"}],"version-history":[{"count":0,"href":"https:\/\/edale.com\/fr\/wp-json\/wp\/v2\/pages\/4621\/revisions"}],"wp:attachment":[{"href":"https:\/\/edale.com\/fr\/wp-json\/wp\/v2\/media?parent=4621"}],"curies":[{"name":"wp","href":"https:\/\/api.w.org\/{rel}","templated":true}]}}