{"id":16240,"date":"2025-09-11T11:51:23","date_gmt":"2025-09-11T10:51:23","guid":{"rendered":"https:\/\/edale.com\/?page_id=16240"},"modified":"2025-12-19T12:02:29","modified_gmt":"2025-12-19T12:02:29","slug":"edale-labelline","status":"publish","type":"page","link":"https:\/\/edale.com\/es\/edale-labelline\/","title":{"rendered":"Edale LabelLine"},"content":{"rendered":"<div class=\"wpb-content-wrapper\"><div data-parent=\"true\" class=\"vc_row row-container\" id=\"row-unique-0\"><div class=\"row double-top-padding single-bottom-padding single-h-padding limit-width row-parent\"><div class=\"wpb_row row-inner\"><div class=\"wpb_column pos-top pos-center align_center column_parent col-lg-12 half-internal-gutter\"><div class=\"uncol style-light\"  ><div class=\"uncoltable\"><div class=\"uncell no-block-padding\" ><div class=\"uncont\" ><div class=\"vc_custom_heading_wrap\"><div class=\"heading-text el-text\" ><h1 class=\"fontsize-254603\" ><span>Edale LabelLine<\/span><\/h1><\/div><div class=\"clear\"><\/div><\/div><div class=\"vc_custom_heading_wrap\"><div class=\"heading-text el-text\" ><h2 class=\"h3 font-weight-600\" ><span>M\u00e1s que una prensa, es una asociaci\u00f3n con asistencia global integral<\/span><\/h2><\/div><div class=\"clear\"><\/div><\/div><\/div><\/div><\/div><\/div><\/div><script id=\"script-row-unique-0\" data-row=\"script-row-unique-0\" type=\"text\/javascript\" class=\"vc_controls\">UNCODE.initRow(document.getElementById(\"row-unique-0\"));<\/script><\/div><\/div><\/div><div data-parent=\"true\" class=\"vc_row row-container\" id=\"row-unique-1\"><div class=\"row double-top-padding double-bottom-padding single-h-padding limit-width row-parent\"><div class=\"wpb_row row-inner\"><div class=\"wpb_column pos-top pos-center align_left column_parent col-lg-6 single-internal-gutter\"><div class=\"uncol style-light\"  ><div class=\"uncoltable\"><div class=\"uncell no-block-padding\" ><div class=\"uncont\" ><div class=\"uncode-single-media  text-left\"><div class=\"single-wrapper\" style=\"max-width: 100%;\"><div class=\"tmb tmb-light  tmb-media-first tmb-media-last tmb-content-overlay tmb-no-bg\"><div class=\"t-inside\"><div class=\"t-entry-visual\"><div class=\"t-entry-visual-tc\"><div class=\"uncode-single-media-wrapper\"><img decoding=\"async\" class=\"wp-image-16686\" src=\"https:\/\/edale.com\/wp-content\/uploads\/2025\/12\/Edale-LabelLine-FL4e-Coming-Soon-overlay.webp\" width=\"1200\" height=\"258\" alt=\"\" srcset=\"https:\/\/edale.com\/wp-content\/uploads\/2025\/12\/Edale-LabelLine-FL4e-Coming-Soon-overlay.webp 1200w, https:\/\/edale.com\/wp-content\/uploads\/2025\/12\/Edale-LabelLine-FL4e-Coming-Soon-overlay-300x65.webp 300w, https:\/\/edale.com\/wp-content\/uploads\/2025\/12\/Edale-LabelLine-FL4e-Coming-Soon-overlay-1024x220.webp 1024w, https:\/\/edale.com\/wp-content\/uploads\/2025\/12\/Edale-LabelLine-FL4e-Coming-Soon-overlay-768x165.webp 768w, https:\/\/edale.com\/wp-content\/uploads\/2025\/12\/Edale-LabelLine-FL4e-Coming-Soon-overlay-18x4.webp 18w, https:\/\/edale.com\/wp-content\/uploads\/2025\/12\/Edale-LabelLine-FL4e-Coming-Soon-overlay-350x75.webp 350w\" sizes=\"(max-width: 1200px) 100vw, 1200px\"><\/div>\n\t\t\t\t\t<\/div>\n\t\t\t\t<\/div><\/div><\/div><\/div><\/div><div class=\"vc_row inverted-device-order row-internal row-container\"><div class=\"row col-half-gutter row-child\"><div class=\"wpb_row row-inner\"><div class=\"wpb_column pos-middle pos-center align_left column_child col-lg-7 col-md-100 half-internal-gutter\"><div class=\"uncol style-light\" ><div class=\"uncoltable\"><div class=\"uncell no-block-padding\" ><div class=\"uncont\" ><div class=\"vc_custom_heading_wrap\"><div class=\"heading-text el-text\" ><h2 class=\"h3\" ><span>Edale LabelLine FL4e<\/span><\/h2><\/div><div class=\"clear\"><\/div><\/div><div class=\"empty-space empty-half desktop-hidden\" ><span class=\"empty-space-inner\"><\/span><\/div>\n<\/div><\/div><\/div><\/div><\/div><div class=\"wpb_column pos-middle pos-left align_left column_child col-lg-5 col-md-100 col-md-clear col-sm-25 single-internal-gutter\"><div class=\"uncol style-light\" ><div class=\"uncoltable\"><div class=\"uncell no-block-padding\" ><div class=\"uncont\" style=\" max-width:40%;\" ><div class=\"uncode-single-media  text-left\"><div class=\"single-wrapper\" style=\"max-width: 152px;\"><div class=\"tmb tmb-light  tmb-media-first tmb-media-last tmb-content-overlay tmb-no-bg\"><div class=\"t-inside\"><div class=\"t-entry-visual\"><div class=\"t-entry-visual-tc\"><div class=\"uncode-single-media-wrapper\"><div class=\"fluid-svg\"><span id=\"icon-261401\" style=\"width:100%\" class=\"icon-media\"><img decoding=\"async\" src=\"https:\/\/edale.com\/wp-content\/uploads\/2025\/10\/Essential-Orange-tag.svg\" alt=\"\"><\/span><\/div><\/div>\n\t\t\t\t\t<\/div>\n\t\t\t\t<\/div><\/div><\/div><\/div><\/div><div class=\"empty-space empty-half desktop-hidden tablet-hidden\" ><span class=\"empty-space-inner\"><\/span><\/div>\n<\/div><\/div><\/div><\/div><\/div><\/div><\/div><\/div><div class=\"vc_custom_heading_wrap\"><div class=\"heading-text el-text\" ><h2 class=\"h5 font-weight-700\" ><span>Funciones b\u00e1sicas<\/span><\/h2><\/div><div class=\"clear\"><\/div><\/div><div class=\"uncode-wrapper uncode-list\" >\n<ul class=\"icons\">\n<li><i class=\"fa fa-check-square-o text-color-374203-color\"><\/i>350mm &#8211; 430mm web width<\/li>\n<li><i class=\"fa fa-check-square-o text-color-374203-color\"><\/i>Ahorro de espacio y energ\u00eda<\/li>\n<li><i class=\"fa fa-check-square-o text-color-374203-color\"><\/i>Preparaci\u00f3n y cambios r\u00e1pidos con menos residuos<\/li>\n<li><i class=\"fa fa-check-square-o text-color-374203-color\"><\/i>Registro de impresi\u00f3n de precisi\u00f3n<\/li>\n<\/ul>\n<\/div><span class=\"btn-container\" ><a role=\"button\"  href=\"https:\/\/edale.com\/es\/edale-labelline-fl4e\/\" class=\"custom-link btn border-width-0 btn-color-929228 btn-icon-right\">VER PRENSA<i class=\"fa fa-long-arrow-right\"><\/i><\/a><\/span><\/div><\/div><\/div><\/div><\/div><div class=\"wpb_column pos-top pos-center align_left column_parent col-lg-6 single-internal-gutter\"><div class=\"uncol style-light\"  ><div class=\"uncoltable\"><div class=\"uncell no-block-padding\" ><div class=\"uncont\" ><div class=\"uncode-single-media  text-left\"><div class=\"single-wrapper\" style=\"max-width: 100%;\"><div class=\"tmb tmb-light  tmb-media-first tmb-media-last tmb-content-overlay tmb-no-bg\"><div class=\"t-inside\"><div class=\"t-entry-visual\"><div class=\"t-entry-visual-tc\"><div class=\"uncode-single-media-wrapper\"><img decoding=\"async\" class=\"wp-image-16242\" src=\"https:\/\/edale.com\/wp-content\/uploads\/2025\/08\/Edale-LabelLine-FL4p_small_scaled.webp\" width=\"1200\" height=\"258\" alt=\"Edale LabelLine FL4p\" srcset=\"https:\/\/edale.com\/wp-content\/uploads\/2025\/08\/Edale-LabelLine-FL4p_small_scaled.webp 1200w, https:\/\/edale.com\/wp-content\/uploads\/2025\/08\/Edale-LabelLine-FL4p_small_scaled-300x65.webp 300w, https:\/\/edale.com\/wp-content\/uploads\/2025\/08\/Edale-LabelLine-FL4p_small_scaled-1024x220.webp 1024w, https:\/\/edale.com\/wp-content\/uploads\/2025\/08\/Edale-LabelLine-FL4p_small_scaled-768x165.webp 768w, https:\/\/edale.com\/wp-content\/uploads\/2025\/08\/Edale-LabelLine-FL4p_small_scaled-18x4.webp 18w, https:\/\/edale.com\/wp-content\/uploads\/2025\/08\/Edale-LabelLine-FL4p_small_scaled-350x75.webp 350w\" sizes=\"(max-width: 1200px) 100vw, 1200px\" \/><\/div>\n\t\t\t\t\t<\/div>\n\t\t\t\t<\/div><\/div><\/div><\/div><\/div><div class=\"vc_row inverted-device-order row-internal row-container\"><div class=\"row col-half-gutter row-child\"><div class=\"wpb_row row-inner\"><div class=\"wpb_column pos-middle pos-center align_left column_child col-lg-7 col-md-100 half-internal-gutter\"><div class=\"uncol style-light\" ><div class=\"uncoltable\"><div class=\"uncell no-block-padding\" ><div class=\"uncont\" ><div class=\"vc_custom_heading_wrap\"><div class=\"heading-text el-text\" ><h2 class=\"h3\" ><span>Edale LabelLine FL4p<\/span><\/h2><\/div><div class=\"clear\"><\/div><\/div><div class=\"empty-space empty-half desktop-hidden\" ><span class=\"empty-space-inner\"><\/span><\/div>\n<\/div><\/div><\/div><\/div><\/div><div class=\"wpb_column pos-middle pos-left align_left column_child col-lg-5 col-md-100 col-md-clear col-sm-25 single-internal-gutter\"><div class=\"uncol style-light\" ><div class=\"uncoltable\"><div class=\"uncell no-block-padding\" ><div class=\"uncont\" style=\" max-width:40%;\" ><div class=\"uncode-single-media  text-left\"><div class=\"single-wrapper\" style=\"max-width: 152px;\"><div class=\"tmb tmb-light  tmb-media-first tmb-media-last tmb-content-overlay tmb-no-bg\"><div class=\"t-inside\"><div class=\"t-entry-visual\"><div class=\"t-entry-visual-tc\"><div class=\"uncode-single-media-wrapper\"><div class=\"fluid-svg\"><span id=\"icon-159672\" style=\"width:100%\" class=\"icon-media\"><img decoding=\"async\" src=\"https:\/\/edale.com\/wp-content\/uploads\/2025\/10\/Precision-Orange-tag.svg\" alt=\"\"><\/span><\/div><\/div>\n\t\t\t\t\t<\/div>\n\t\t\t\t<\/div><\/div><\/div><\/div><\/div><div class=\"empty-space empty-half desktop-hidden tablet-hidden\" ><span class=\"empty-space-inner\"><\/span><\/div>\n<\/div><\/div><\/div><\/div><\/div><\/div><\/div><\/div><div class=\"vc_custom_heading_wrap\"><div class=\"heading-text el-text\" ><h2 class=\"h5 font-weight-700\" ><span>A medida<\/span><\/h2><\/div><div class=\"clear\"><\/div><\/div><div class=\"uncode-wrapper uncode-list\" >\n<ul class=\"icons\">\n<li><i class=\"fa fa-check-square-o text-color-374203-color\"><\/i>430mm &#8211; 570mm web width<\/li>\n<li><i class=\"fa fa-check-square-o text-color-374203-color\"><\/i>Eficiencia energ\u00e9tica y ahorro de espacio<\/li>\n<li><i class=\"fa fa-check-square-o text-color-374203-color\"><\/i>Reducci\u00f3n de residuos, espacio y puntos de contacto manuales<\/li>\n<li><i class=\"fa fa-check-square-o text-color-374203-color\"><\/i>Alta calidad de impresi\u00f3n y uniformidad en todas las tiradas<\/li>\n<\/ul>\n<\/div><span class=\"btn-container\" ><a role=\"button\"  href=\"https:\/\/edale.com\/es\/edale-labelline-fl4p\/\" class=\"custom-link btn border-width-0 btn-color-929228 btn-icon-right\">VER PRENSA<i class=\"fa fa-long-arrow-right\"><\/i><\/a><\/span><\/div><\/div><\/div><\/div><\/div><script id=\"script-row-unique-1\" data-row=\"script-row-unique-1\" type=\"text\/javascript\" class=\"vc_controls\">UNCODE.initRow(document.getElementById(\"row-unique-1\"));<\/script><\/div><\/div><\/div><div data-parent=\"true\" class=\"vc_row has-bg need-focus style-color-929228-bg row-container\" id=\"row-unique-2\"><div class=\"row unequal col-double-gutter double-top-padding double-bottom-padding single-h-padding limit-width row-parent\" data-height-ratio=\"40\"><div class=\"wpb_row row-inner\"><div class=\"wpb_column pos-middle pos-center align_left column_parent col-lg-12 half-internal-gutter\"><div class=\"uncol style-spec style-dark\"  ><div class=\"uncoltable\"><div class=\"uncell no-block-padding\" ><div class=\"uncont\" ><div class=\"vc_custom_heading_wrap\"><div class=\"heading-text el-text\" ><h3 class=\"h1\" ><span>Experimente la diferencia que puede marcar Edale<\/span><\/h3><\/div><div class=\"clear\"><\/div><\/div><div class=\"empty-space empty-half\" ><span class=\"empty-space-inner\"><\/span><\/div>\n<div class=\"vc_row row-internal row-container\"><div class=\"row row-child\"><div class=\"wpb_row row-inner\"><div class=\"wpb_column pos-top pos-left align_left column_child col-lg-12 single-internal-gutter\"><div class=\"uncol style-spec style-dark\" ><div class=\"uncoltable\"><div class=\"uncell no-block-padding\" ><div class=\"uncont\" style=\" max-width:75%;\" ><div class=\"vc_custom_heading_wrap\"><div class=\"heading-text el-text\" ><h3 class=\"h3 font-weight-400\" ><span><a href=\"mailto:info@edale.com?subject=Enquiry%20about%20Edale%20LabelLine\">P\u00f3ngase en contacto con nosotros<\/a> con el equipo de Edale para hablar de c\u00f3mo LabelLine puede transformar su producci\u00f3n y por qu\u00e9 ahora es el momento de hacer el cambio.<\/span><\/h3><\/div><div class=\"clear\"><\/div><\/div><\/div><\/div><\/div><\/div><\/div><\/div><\/div><\/div><div class=\"empty-space empty-half\" ><span class=\"empty-space-inner\"><\/span><\/div>\n<span class=\"btn-container\" ><a role=\"button\"  href=\"mailto:info@edale.com?subject=Enquiry%20about%20Edale%20LabelLine\" class=\"custom-link btn btn-lg border-width-0 btn-color-374203 btn-outline btn-icon-left\" title=\"Contacte con\" target=\"_blank\">P\u00f3ngase en contacto con nosotros<\/a><\/span><\/div><\/div><\/div><\/div><\/div><script id=\"script-row-unique-2\" data-row=\"script-row-unique-2\" type=\"text\/javascript\" class=\"vc_controls\">UNCODE.initRow(document.getElementById(\"row-unique-2\"));<\/script><\/div><\/div><\/div>\n<\/div>","protected":false},"excerpt":{"rendered":"Edale LabelLineMore than a press, it\u2019s a partnership with end-to-end global support Edale LabelLine FL4e Core Functionality 350mm - 430mm [...]","protected":false},"author":4,"featured_media":16232,"parent":0,"menu_order":0,"comment_status":"closed","ping_status":"closed","template":"","meta":{"footnotes":""},"class_list":["post-16240","page","type-page","status-publish","has-post-thumbnail","hentry"],"_links":{"self":[{"href":"https:\/\/edale.com\/es\/wp-json\/wp\/v2\/pages\/16240","targetHints":{"allow":["GET"]}}],"collection":[{"href":"https:\/\/edale.com\/es\/wp-json\/wp\/v2\/pages"}],"about":[{"href":"https:\/\/edale.com\/es\/wp-json\/wp\/v2\/types\/page"}],"author":[{"embeddable":true,"href":"https:\/\/edale.com\/es\/wp-json\/wp\/v2\/users\/4"}],"replies":[{"embeddable":true,"href":"https:\/\/edale.com\/es\/wp-json\/wp\/v2\/comments?post=16240"}],"version-history":[{"count":3,"href":"https:\/\/edale.com\/es\/wp-json\/wp\/v2\/pages\/16240\/revisions"}],"predecessor-version":[{"id":16687,"href":"https:\/\/edale.com\/es\/wp-json\/wp\/v2\/pages\/16240\/revisions\/16687"}],"wp:featuredmedia":[{"embeddable":true,"href":"https:\/\/edale.com\/es\/wp-json\/wp\/v2\/media\/16232"}],"wp:attachment":[{"href":"https:\/\/edale.com\/es\/wp-json\/wp\/v2\/media?parent=16240"}],"curies":[{"name":"wp","href":"https:\/\/api.w.org\/{rel}","templated":true}]}}