{"id":16226,"date":"2025-09-11T11:53:50","date_gmt":"2025-09-11T10:53:50","guid":{"rendered":"https:\/\/edale.com\/?page_id=16226"},"modified":"2025-10-24T10:14:18","modified_gmt":"2025-10-24T09:14:18","slug":"edale-labelline-fl4p","status":"publish","type":"page","link":"https:\/\/edale.com\/de\/edale-labelline-fl4p\/","title":{"rendered":"Edale LabelLine FL4p"},"content":{"rendered":"<div class=\"wpb-content-wrapper\"><div data-parent=\"true\" class=\"vc_row row-container\" id=\"row-unique-0\"><div class=\"row double-top-padding double-bottom-padding single-h-padding limit-width row-parent\"><div class=\"wpb_row row-inner\"><div class=\"wpb_column pos-top pos-center align_left column_parent col-lg-12 single-internal-gutter\"><div class=\"uncol style-light\"  ><div class=\"uncoltable\"><div class=\"uncell no-block-padding\" ><div class=\"uncont\" ><div class=\"uncode-single-media  text-left\"><div class=\"single-wrapper\" style=\"max-width: 100%;\"><div class=\"tmb tmb-light  tmb-media-first tmb-media-last tmb-content-overlay tmb-no-bg\"><div class=\"t-inside\"><div class=\"t-entry-visual\"><div class=\"t-entry-visual-tc\"><div class=\"uncode-single-media-wrapper\"><img decoding=\"async\" class=\"wp-image-16230\" src=\"https:\/\/edale.com\/wp-content\/uploads\/2025\/08\/Edale-LabelLine-FL4p-Render.webp\" width=\"2560\" height=\"500\" alt=\"Edale LabelLine FL4p\" srcset=\"https:\/\/edale.com\/wp-content\/uploads\/2025\/08\/Edale-LabelLine-FL4p-Render.webp 2560w, https:\/\/edale.com\/wp-content\/uploads\/2025\/08\/Edale-LabelLine-FL4p-Render-300x59.webp 300w, https:\/\/edale.com\/wp-content\/uploads\/2025\/08\/Edale-LabelLine-FL4p-Render-1024x200.webp 1024w, https:\/\/edale.com\/wp-content\/uploads\/2025\/08\/Edale-LabelLine-FL4p-Render-768x150.webp 768w, https:\/\/edale.com\/wp-content\/uploads\/2025\/08\/Edale-LabelLine-FL4p-Render-1536x300.webp 1536w, https:\/\/edale.com\/wp-content\/uploads\/2025\/08\/Edale-LabelLine-FL4p-Render-2048x400.webp 2048w, https:\/\/edale.com\/wp-content\/uploads\/2025\/08\/Edale-LabelLine-FL4p-Render-18x4.webp 18w, https:\/\/edale.com\/wp-content\/uploads\/2025\/08\/Edale-LabelLine-FL4p-Render-350x68.webp 350w\" sizes=\"(max-width: 2560px) 100vw, 2560px\" \/><\/div>\n\t\t\t\t\t<\/div>\n\t\t\t\t<\/div><\/div><\/div><\/div><\/div><div class=\"vc_row inverted-device-order row-internal row-container\"><div class=\"row col-no-gutter row-child\"><div class=\"wpb_row row-inner\"><div class=\"wpb_column pos-middle pos-center align_left column_child col-lg-7 col-md-100 half-internal-gutter\"><div class=\"uncol style-light\" ><div class=\"uncoltable\"><div class=\"uncell no-block-padding\" ><div class=\"uncont\" ><div class=\"vc_custom_heading_wrap\"><div class=\"heading-text el-text\" ><h1 class=\"fontsize-60\" ><span>Edale LabelLine FL4p<\/span><\/h1><\/div><div class=\"clear\"><\/div><\/div><div class=\"empty-space empty-half desktop-hidden\" ><span class=\"empty-space-inner\"><\/span><\/div>\n<\/div><\/div><\/div><\/div><\/div><div class=\"wpb_column pos-middle pos-left align_left column_child col-lg-5 col-md-100 col-md-clear col-sm-25 single-internal-gutter\"><div class=\"uncol style-light\" ><div class=\"uncoltable\"><div class=\"uncell no-block-padding\" ><div class=\"uncont\" style=\" max-width:25%;\" ><div class=\"uncode-single-media  text-left\"><div class=\"single-wrapper\" style=\"max-width: 208px;\"><div class=\"tmb tmb-light  tmb-media-first tmb-media-last tmb-content-overlay tmb-no-bg\"><div class=\"t-inside\"><div class=\"t-entry-visual\"><div class=\"t-entry-visual-tc\"><div class=\"uncode-single-media-wrapper\"><div class=\"fluid-svg\"><span id=\"icon-211830\" style=\"width:100%\" class=\"icon-media\"><img decoding=\"async\" src=\"https:\/\/edale.com\/wp-content\/uploads\/2025\/10\/Precision-Orange-tag.svg\" alt=\"\"><\/span><\/div><\/div>\n\t\t\t\t\t<\/div>\n\t\t\t\t<\/div><\/div><\/div><\/div><\/div><div class=\"empty-space empty-half desktop-hidden tablet-hidden\" ><span class=\"empty-space-inner\"><\/span><\/div>\n<\/div><\/div><\/div><\/div><\/div><\/div><\/div><\/div><div class=\"vc_custom_heading_wrap\"><div class=\"heading-text el-text\" ><h2 class=\"h4 font-weight-700\" ><span>Ma\u00dfgeschneidert nach Spezifikation<\/span><\/h2><\/div><div class=\"clear\"><\/div><\/div><div class=\"vc_row row-internal row-container\"><div class=\"row row-child\"><div class=\"wpb_row row-inner\"><div class=\"wpb_column pos-top pos-center align_left column_child col-lg-8 single-internal-gutter\"><div class=\"uncol style-light\" ><div class=\"uncoltable\"><div class=\"uncell no-block-padding\" ><div class=\"uncont\" ><div class=\"uncode_text_column text-lead\" ><p>Die LabelLine FL4p ist eine Pr\u00e4zisions-Flexodruckmaschine f\u00fcr Etiketten. Sie bietet eine hochwertige Ausgabe, Automatisierung und Aufr\u00fcstungsm\u00f6glichkeiten, um hochwertige Anwendungen schnell und konsistent zu verarbeiten.<\/p>\n<\/div><\/div><\/div><\/div><\/div><\/div><div class=\"wpb_column pos-top pos-center align_left column_child col-lg-4 single-internal-gutter\"><div class=\"uncol style-light\" ><div class=\"uncoltable\"><div class=\"uncell no-block-padding\" ><div class=\"uncont\" ><\/div><\/div><\/div><\/div><\/div><\/div><\/div><\/div><div class=\"uncode-wrapper uncode-list\" >\n<ul class=\"icons text-lead\">\n<li><i class=\"fa fa-check-square-o text-color-374203-color\"><\/i>430mm &#8211; 570mm web width<\/li>\n<li><i class=\"fa fa-check-square-o text-color-374203-color\"><\/i>Energieeffizienter, platzsparender Fu\u00dfabdruck<\/li>\n<li><i class=\"fa fa-check-square-o text-color-374203-color\"><\/i>Weniger Abfall, weniger Platzbedarf und weniger manuelle Eingriffe<\/li>\n<li><i class=\"fa fa-check-square-o text-color-374203-color\"><\/i>Hohe Druckqualit\u00e4t und Konsistenz \u00fcber alle Auflagen hinweg<\/li>\n<\/ul>\n<\/div><\/div><\/div><\/div><\/div><\/div><script id=\"script-row-unique-0\" data-row=\"script-row-unique-0\" type=\"text\/javascript\" class=\"vc_controls\">UNCODE.initRow(document.getElementById(\"row-unique-0\"));<\/script><\/div><\/div><\/div><div data-parent=\"true\" class=\"vc_row has-bg need-focus style-color-929228-bg row-container\" id=\"row-unique-1\"><div class=\"row unequal col-double-gutter double-top-padding double-bottom-padding single-h-padding limit-width row-parent\" data-height-ratio=\"40\"><div class=\"wpb_row row-inner\"><div class=\"wpb_column pos-middle pos-center align_left column_parent col-lg-12 half-internal-gutter\"><div class=\"uncol style-spec style-dark\"  ><div class=\"uncoltable\"><div class=\"uncell no-block-padding\" ><div class=\"uncont\" ><div class=\"vc_custom_heading_wrap\"><div class=\"heading-text el-text\" ><h3 class=\"h1\" ><span>Erleben Sie den Unterschied, den Edale machen kann<\/span><\/h3><\/div><div class=\"clear\"><\/div><\/div><div class=\"empty-space empty-half\" ><span class=\"empty-space-inner\"><\/span><\/div>\n<div class=\"vc_row row-internal row-container\"><div class=\"row row-child\"><div class=\"wpb_row row-inner\"><div class=\"wpb_column pos-top pos-left align_left column_child col-lg-12 single-internal-gutter\"><div class=\"uncol style-spec style-dark\" ><div class=\"uncoltable\"><div class=\"uncell no-block-padding\" ><div class=\"uncont\" style=\" max-width:75%;\" ><div class=\"vc_custom_heading_wrap\"><div class=\"heading-text el-text\" ><h3 class=\"h3 font-weight-400\" ><span><a href=\"mailto:info@edale.com?subject=Enquiry%20about%20Edale%20LabelLine%20FL4p\">Kontakt aufnehmen<\/a> mit dem Edale-Team, um zu besprechen, wie die LabelLine FL4p Ihre Produktion ver\u00e4ndern kann und warum es jetzt an der Zeit ist, umzusteigen.<\/span><\/h3><\/div><div class=\"clear\"><\/div><\/div><\/div><\/div><\/div><\/div><\/div><\/div><\/div><\/div><div class=\"empty-space empty-half\" ><span class=\"empty-space-inner\"><\/span><\/div>\n<span class=\"btn-container\" ><a role=\"button\"  href=\"mailto:info@edale.com?subject=Enquiry%20about%20Edale%20LabelLine%20FL4p\" class=\"custom-link btn btn-lg border-width-0 btn-color-374203 btn-outline btn-icon-left\" title=\"Kontakt\" target=\"_blank\">Kontakt aufnehmen<\/a><\/span><\/div><\/div><\/div><\/div><\/div><script id=\"script-row-unique-1\" data-row=\"script-row-unique-1\" type=\"text\/javascript\" class=\"vc_controls\">UNCODE.initRow(document.getElementById(\"row-unique-1\"));<\/script><\/div><\/div><\/div>\n<\/div>","protected":false},"excerpt":{"rendered":"Edale LabelLine FL4p Tailored to SpecificationThe LabelLine FL4p is a Precision flexo press for labels. Offering high-quality output, automation, and [...]","protected":false},"author":4,"featured_media":16232,"parent":0,"menu_order":0,"comment_status":"closed","ping_status":"closed","template":"","meta":{"footnotes":""},"class_list":["post-16226","page","type-page","status-publish","has-post-thumbnail","hentry"],"_links":{"self":[{"href":"https:\/\/edale.com\/de\/wp-json\/wp\/v2\/pages\/16226","targetHints":{"allow":["GET"]}}],"collection":[{"href":"https:\/\/edale.com\/de\/wp-json\/wp\/v2\/pages"}],"about":[{"href":"https:\/\/edale.com\/de\/wp-json\/wp\/v2\/types\/page"}],"author":[{"embeddable":true,"href":"https:\/\/edale.com\/de\/wp-json\/wp\/v2\/users\/4"}],"replies":[{"embeddable":true,"href":"https:\/\/edale.com\/de\/wp-json\/wp\/v2\/comments?post=16226"}],"version-history":[{"count":2,"href":"https:\/\/edale.com\/de\/wp-json\/wp\/v2\/pages\/16226\/revisions"}],"predecessor-version":[{"id":16450,"href":"https:\/\/edale.com\/de\/wp-json\/wp\/v2\/pages\/16226\/revisions\/16450"}],"wp:featuredmedia":[{"embeddable":true,"href":"https:\/\/edale.com\/de\/wp-json\/wp\/v2\/media\/16232"}],"wp:attachment":[{"href":"https:\/\/edale.com\/de\/wp-json\/wp\/v2\/media?parent=16226"}],"curies":[{"name":"wp","href":"https:\/\/api.w.org\/{rel}","templated":true}]}}