{"id":12272,"date":"2022-12-07T11:55:07","date_gmt":"2022-12-07T11:55:07","guid":{"rendered":"https:\/\/edale.com\/?page_id=12272"},"modified":"2025-12-15T10:58:10","modified_gmt":"2025-12-15T10:58:10","slug":"steuerstrategiepolitik","status":"publish","type":"page","link":"https:\/\/edale.com\/de\/tax-strategy-policy\/","title":{"rendered":"Steuerstrategie Politik"},"content":{"rendered":"<div class=\"wpb-content-wrapper\"><div data-parent=\"true\" class=\"vc_row has-bg need-focus style-color-lxmt-bg row-container\" id=\"row-unique-0\"><div class=\"row double-top-padding double-bottom-padding single-h-padding limit-width row-parent\"><div class=\"wpb_row row-inner\"><div class=\"wpb_column pos-top pos-center align_left column_parent col-lg-12 single-internal-gutter\"><div class=\"uncol style-light\"  ><div class=\"uncoltable\"><div class=\"uncell no-block-padding\" ><div class=\"uncont\" ><div class=\"vc_custom_heading_wrap\"><div class=\"heading-text el-text\" ><h1 class=\"h1\" ><span>Unsere Meinung zu Steuern<\/span><\/h1><div class=\"text-top-reduced\"><p>Dezember 2025<\/p>\n<\/div><\/div><div class=\"clear\"><\/div><\/div><div class=\"uncode_text_column\" ><\/p>\n<h4>Einf\u00fchrung<\/h4>\n<p>Diese Strategie gilt f\u00fcr Edale Ltd.<\/p>\n<p>Edale Ltd., eine 100% Tochtergesellschaft der Canon Production Holding B.V., Venlo, Niederlande (CPP), ist Teil des multinationalen Konzerns Canon Inc. mit Hauptsitz in Japan.<\/p>\n<p>Edale Ltd. orientiert sich an denselben Grunds\u00e4tzen wie Canon Inc. und befolgt den Verhaltenskodex der Gruppe.<\/p>\n<p>&nbsp;<\/p>\n<h4>Verhaltenskodex und Grunds\u00e4tze der Canon Gruppe<\/h4>\n<p>Die Unternehmensphilosophie von Canon basiert auf dem Konzept \"kyosei\", das mit \"Zusammenleben und -arbeiten f\u00fcr das Gemeinwohl\" \u00fcbersetzt werden kann. Die grundlegende Managementpolitik von Canon besteht darin, zum Wohlstand und zum Wohlergehen der Welt beizutragen, w\u00e4hrend das Unternehmen bestrebt ist, eine wirklich globale Unternehmensgruppe zu werden, die sich durch hervorragende Leistungen auszeichnet und ein kontinuierliches Unternehmenswachstum und -entwicklung vorweisen kann.<\/p>\n<p>Canon ist der Ansicht, dass die ordnungsgem\u00e4\u00dfe Entrichtung von Steuern in den L\u00e4ndern und Regionen, in denen das Unternehmen t\u00e4tig ist, eine seiner grundlegendsten und wichtigsten sozialen Verantwortungen ist, da es sich um ein multinationales Unternehmen mit weltweiten Aktivit\u00e4ten handelt.<\/p>\n<p>Dementsprechend h\u00e4lt sich Canon in Bezug auf Steuerangelegenheiten an die folgenden Grunds\u00e4tze.<\/p>\n<p>(1) Entrichtung von Steuern gem\u00e4\u00df den steuerrechtlichen Gesetzen und Verordnungen.<\/p>\n<p>(2) Sicherstellen, dass die Steuerbuchhaltung und andere damit zusammenh\u00e4ngende Verfahren einwandfrei und gesetzeskonform durchgef\u00fchrt werden.<\/p>\n<p>(3) Entwicklung von Systemen des verantwortungsvollen Handelns im Steuerbereich und Sensibilisierung f\u00fcr die Einhaltung von Steuervorschriften.<\/p>\n<p>(4) Einhaltung gemeinsamer internationaler Regeln f\u00fcr die internationale Besteuerung (Leitlinien der Organisation f\u00fcr wirtschaftliche Zusammenarbeit und Entwicklung und der Vereinten Nationen) und Gew\u00e4hrleistung, dass die Ma\u00dfnahmen mit den Steuergesetzen der einzelnen L\u00e4nder und Regionen in Einklang stehen.<\/p>\n<h4>Risikomanagement und Governance-Regelungen<\/h4>\n<p>Edale Ltd. als Teil der Canon Production Printing Gruppe von Canon Inc. Die Steuerabteilung von CPP, die f\u00fcr die britischen Steuern zust\u00e4ndig ist, hat ihren Sitz in den Niederlanden. Die Steuerfunktion von CPP wird vom VP Finanzen und Buchhaltung geleitet, der dem CFO von CPP unterstellt ist. Diese Steuerstrategie wird vom Vorstand von CPP genehmigt und verantwortet.<\/p>\n<p>Die Steuerfunktion der CPP ist bestrebt, die Einhaltung aller Steuergesetze im Vereinigten K\u00f6nigreich zu gew\u00e4hrleisten. Wir versuchen aktiv, diese Risiken zu identifizieren, zu bewerten, zu \u00fcberwachen und zu steuern, um sicherzustellen, dass sie mit unseren Zielen \u00fcbereinstimmen. Bei Unsicherheiten oder erheblicher Komplexit\u00e4t wird gegebenenfalls externer Rat eingeholt. Auf diese Weise kann die CPP-Steuerfunktion sicherstellen, dass alle Steuerfragen im Vereinigten K\u00f6nigreich und in der gesamten Region angemessen gehandhabt werden. Sie stellt au\u00dferdem sicher, dass alle Steuerfragen f\u00fcr die Steuerbuchhaltung korrekt behandelt werden und eine vollst\u00e4ndige Berichterstattung an die externen Pr\u00fcfer gew\u00e4hrleistet ist.<\/p>\n<h4>Einstellung zur Steuerplanung und Risikoniveau<\/h4>\n<p>CPP verwaltet seine Steuerangelegenheiten mit dem Ziel, Sicherheit zu erreichen und \u00dcberraschungen zu vermeiden. Wir f\u00fchren keine Transaktionen durch, denen kein klarer wirtschaftlicher Zweck zugrunde liegt. Wir verwenden keine k\u00fcnstlichen Strukturen und versuchen nicht, Gewinne in Niedrigsteuerl\u00e4nder zu verlagern.<\/p>\n<p>Bei der Strukturierung unserer gesch\u00e4ftlichen Aktivit\u00e4ten werden die Steuern ber\u00fccksichtigt, um die Einhaltung der Vorschriften und die Sicherheit so weit wie m\u00f6glich zu gew\u00e4hrleisten. Im Vereinigten K\u00f6nigreich k\u00f6nnen wir verf\u00fcgbare Steueranreize und -erleichterungen in Anspruch nehmen, um die Steuerkosten f\u00fcr unsere Gesch\u00e4ftst\u00e4tigkeit zu minimieren. Diese werden so angewandt, wie es die britische Steuerbeh\u00f6rde HM Revenue and Customs vorsieht, und wir werden uns gegebenenfalls extern beraten lassen.<\/p>\n<p>Wenn Edale Ltd. mit anderen Canon-Unternehmen interagiert, streben wir an, dass die Transaktionen zu markt\u00fcblichen Bedingungen durchgef\u00fchrt werden. Wenn es sich um grenz\u00fcberschreitende Transaktionen handelt, werden wir versuchen, das Risiko der Doppelbesteuerung in \u00dcbereinstimmung mit den verf\u00fcgbaren Erleichterungen zu reduzieren, die durch das Netzwerk der Steuerabkommen angeboten werden.<\/p>\n<p>Die Steuerabteilung der CPP unterh\u00e4lt ein hohes Ma\u00df an Steuererziehung und -bewusstsein und verfolgt die neuesten Entwicklungen wie die OECD\/G20-Ma\u00dfnahmen gegen die Erosion der Steuerbemessungsgrundlage und die Verlagerung von Gewinnen, die sicherstellen sollen, dass Gewinne dort besteuert werden, wo die Wertsch\u00f6pfung stattfindet.<\/p>\n<h4>Beziehung zu HM Revenue and Customs und anderen Beh\u00f6rden<\/h4>\n<p>Edale Ltd. strebt eine offene, ehrliche und konstruktive Beziehung zu HM Revenue and Customs an. Wir bem\u00fchen uns, unsere positive Beziehung aufrechtzuerhalten, indem wir in den Dialog mit den zust\u00e4ndigen Steuerbeamten treten, wenn Fragen in Echtzeit auftauchen oder wenn eine komplexe Auslegung des Gesetzes eine Kl\u00e4rung erfordert.<\/p>\n<p>Edale Ltd. ist bestrebt, in den Steuererkl\u00e4rungen f\u00fcr alle britischen Steuern vollst\u00e4ndige, genaue und rechtzeitige Angaben zu machen. Sollten versehentlich Fehler auftreten, werden diese so schnell wie m\u00f6glich nach ihrer Entdeckung korrigiert.<\/p>\n<p>Edale Ltd. pflegt nicht nur gute Beziehungen zu HM Revenue and Customs, sondern setzt sich auch direkt oder indirekt \u00fcber die Steuerfunktion von CPP oder \u00fcber Vertretungsgremien mit Regierungen und Organisationen in Verbindung, wenn es um vorgeschlagene \u00c4nderungen an internationalen Standards geht.<\/p>\n<p>Die obige Steuerstrategie bezieht sich auf das am 31. Dezember 2024 endende Haushaltsjahr und soll Schedule 19, Absatz 19 des Finance Act 2016 entsprechen. Verweise auf \"Steuern\" f\u00fcr die Zwecke des Vereinigten K\u00f6nigreichs sind die in Schedule 19, Absatz 15 des Finance Act 2016 enthaltenen.<\/p>\n<p>Diese Steuerstrategie wird vom Vorstand des CPP genehmigt und ist sein Eigentum.<\/p>\n<p>Diese Strategie gilt ab dem Datum der Ver\u00f6ffentlichung, bis sie \u00fcberholt ist.<\/p>\n<\/div><\/div><\/div><\/div><\/div><\/div><script id=\"script-row-unique-0\" data-row=\"script-row-unique-0\" type=\"text\/javascript\" class=\"vc_controls\">UNCODE.initRow(document.getElementById(\"row-unique-0\"));<\/script><\/div><\/div><\/div>\n<\/div>","protected":false},"excerpt":{"rendered":"Our View on TaxesDECEMBER 2025 Introduction This strategy applies to Edale Ltd. Edale Ltd., a 100% subsidiary of Canon Production [...]","protected":false},"author":4,"featured_media":0,"parent":0,"menu_order":0,"comment_status":"closed","ping_status":"closed","template":"","meta":{"footnotes":""},"class_list":["post-12272","page","type-page","status-publish","hentry"],"_links":{"self":[{"href":"https:\/\/edale.com\/de\/wp-json\/wp\/v2\/pages\/12272","targetHints":{"allow":["GET"]}}],"collection":[{"href":"https:\/\/edale.com\/de\/wp-json\/wp\/v2\/pages"}],"about":[{"href":"https:\/\/edale.com\/de\/wp-json\/wp\/v2\/types\/page"}],"author":[{"embeddable":true,"href":"https:\/\/edale.com\/de\/wp-json\/wp\/v2\/users\/4"}],"replies":[{"embeddable":true,"href":"https:\/\/edale.com\/de\/wp-json\/wp\/v2\/comments?post=12272"}],"version-history":[{"count":1,"href":"https:\/\/edale.com\/de\/wp-json\/wp\/v2\/pages\/12272\/revisions"}],"predecessor-version":[{"id":16675,"href":"https:\/\/edale.com\/de\/wp-json\/wp\/v2\/pages\/12272\/revisions\/16675"}],"wp:attachment":[{"href":"https:\/\/edale.com\/de\/wp-json\/wp\/v2\/media?parent=12272"}],"curies":[{"name":"wp","href":"https:\/\/api.w.org\/{rel}","templated":true}]}}